{"id":56,"date":"2012-01-25T16:38:59","date_gmt":"2012-01-25T16:38:59","guid":{"rendered":"http:\/\/www.studiolegalecommerciale.bo.it\/?page_id=56"},"modified":"2023-10-12T18:26:19","modified_gmt":"2023-10-12T16:26:19","slug":"professionisti","status":"publish","type":"page","link":"https:\/\/www.studiolegalecommerciale.bo.it\/?page_id=56","title":{"rendered":"Professionisti"},"content":{"rendered":"<p style=\"text-align: left;\"><strong>Annalisa di Benedetto<\/strong><br \/>\n<em><strong> Avvocato<\/strong><\/em><\/p>\n<p style=\"text-align: justify;\">Laurea con lode in Giurisprudenza presso l\u2019Universit\u00e0 degli Studi di Bologna.<\/p>\n<p style=\"text-align: justify;\">E&#8217; iscritta all&#8217;Albo degli Avvocati di Bologna dal 2004.<\/p>\n<p style=\"text-align: justify;\">Dopo un percorso accademico di collaborazione e di attivit\u00e0 di ricerca giuridica presso la Cattedra di Diritto Civile, Facolt\u00e0 di Giurisprudenza all\u2019Universit\u00e0 di Bologna, inizia l&#8217;attivit\u00e0 professionale collaborando con importanti e prestigiosi Studi Legali della citt\u00e0 di Bologna.<\/p>\n<p style=\"text-align: justify;\">Segue seminari e corsi di approfondimento in diritto civile e commerciale specializzandosi in tali materie.<\/p>\n<p style=\"text-align: justify;\">Riveste la carica di membro del Consiglio di Amministrazione in Societ\u00e0 di capitali ed enti privati.<\/p>\n<p style=\"text-align: justify;\">Parla le lingue francese e inglese<\/p>\n<p style=\"text-align: left;\">E-mail: <a href=\"mailto:adibenedetto@studiolegalecommerciale.bo.it\">adibenedetto@studiolegalecommerciale.bo.it<\/a><\/p>\n<p style=\"text-align: left;\"><span style=\"color: #ffffff;\">.<\/span><\/p>\n<p style=\"text-align: left;\"><strong>Antonio Mezzetti<\/strong><br \/>\n<em><strong> Dottore Commercialista e Revisore Legale<\/strong><\/em><\/p>\n<p style=\"text-align: justify;\">Laurea con lode in Economia e Commercio presso l&#8217;Universit\u00e0 degli Studi di Bologna.<\/p>\n<p style=\"text-align: justify;\">E\u2019 iscritto all\u2019Albo dei Dottori Commercialisti e degli Esperti Contabili ed esercita la\u00a0 professione nel settore giuridico contrattuale, societario e contabile-fiscale.<\/p>\n<p style=\"text-align: justify;\">Esperto in trust, patti di famiglia e fondi patrimoniali.<\/p>\n<p style=\"text-align: justify;\">Riveste la carica di Sindaco e Revisore Legale in societ\u00e0 di capitali.<\/p>\n<p style=\"text-align: justify;\">E-mail: <a href=\"mailto:amezzetti@studiolegalecommerciale.bo.it\">amezzetti@studiolegalecommerciale.bo.it<\/a><\/p>\n<p style=\"text-align: left;\"><span style=\"color: #ffffff;\"><strong>.<\/strong><\/span><\/p>\n<p style=\"text-align: left;\"><strong>Marco Consolini<\/strong><br \/>\n<em><strong> Dottore Commercialista e Revisore Contabile<\/strong><\/em><\/p>\n<p style=\"text-align: justify;\">Laurea in Economia e Commercio presso l&#8217;Universit\u00e0 degli Studi di Bologna.<\/p>\n<p style=\"text-align: justify;\">Iscritto all\u2019Ordine dei Dottori Commercialisti e degli Esperti Contabili di Bologna ed al Registro dei Revisori Legali dal 2005.<\/p>\n<p style=\"text-align: justify;\">Durante il percorso di studi universitari gestisce il processo di start-up di una societ\u00e0 di marketing e pubblicit\u00e0 e lavora presso alcune societ\u00e0 di servizi integrati occupandosi di gestione fiscale e di consulenza contrattuale e societaria.<\/p>\n<p style=\"text-align: justify;\">Oggi si occupa principalmente di: consulenze in ambito societario, fiscale, amministrativo e contrattuale; analisi di bilancio e controllo di gestione; assistenza in operazioni liquidatorie stragiudiziali; assistenza in operazioni di M&amp;A (mergers &amp; acquisitions) su differenti realt\u00e0 societarie e altre operazioni straordinarie; contenzioso tributario; consulenze tecniche di parte in ambito valutativo aziendale e patrimoniale; internazionalizzazione di imprese; consulenze nei passaggi generazionali e nella protezione dei patrimoni di famiglia.<\/p>\n<p style=\"text-align: justify;\">Negli anni si \u00e8 specializzato nelle tecniche valutative d&#8217;azienda. Come consulente a tutto campo segue diverse aziende, anche a carattere nazionale.<\/p>\n<p style=\"text-align: justify;\">e-mail: <a href=\"mailto:mconsolini@studiolegalecommerciale.bo.it\">mconsolini@studiolegalecommerciale.bo.it<\/a><\/p>\n<p style=\"text-align: justify;\"><span style=\"color: #ffffff;\">.<\/span><\/p>\n<p style=\"text-align: left;\"><strong>Alice Mezzetti<br \/>\n<\/strong><em><strong>Dottore Commercialista e Revisore Legale<\/strong><\/em><\/p>\n<p style=\"text-align: justify;\">Laurea Triennale e Magistrale in Economia e Professione presso l\u2019Universit\u00e0 degli Studi di Bologna.<\/p>\n<p style=\"text-align: justify;\">Iscritta all\u2019Ordine dei Dottori Commercialisti e degli Esperti Contabili di Bologna dal 2015.<\/p>\n<p style=\"text-align: justify;\">Prima della professione ha maturato esperienza pluriennale come responsabile amministrativa e finanziaria in un\u2019azienda di ricerca e sviluppo di propriet\u00e0 estera, con particolare approfondimento di temi quali budgeting, pianificazione finanziaria, contabilit\u00e0 analitica e gestione del personale.<\/p>\n<p style=\"text-align: justify;\">Come dottore Commercialista assiste piccole e grandi realt\u00e0 imprenditoriali supportandole nel campo fiscale, amministrativo e finanziario.<\/p>\n<p style=\"text-align: justify;\">Riveste la carica di Sindaco e Revisore Legale in varie societ\u00e0 di capitali.<\/p>\n<p style=\"text-align: justify;\">Buona padronanza di Business Language e dei Principi Contabili Internazionali.<\/p>\n<p style=\"text-align: justify;\">E-mail: <a href=\"mailto:alicemezzetti@studiolegalecommerciale.bo.it\">alicemezzetti@studiolegalecommerciale.bo.it<\/a><\/p>\n<p style=\"text-align: justify;\"><span style=\"color: #ffffff;\">.<\/span><\/p>\n<p style=\"text-align: left;\"><strong>Gabriele Consolini<br \/>\n<\/strong><strong><em>Ragioniere Commercialista e Revisore Contabile<\/em><\/strong><\/p>\n<p style=\"text-align: justify;\">Ragioniere iscritto all&#8217;Ordine dei Dottori Commercialisti e degli Esperti Contabili di Bologna dal 1984 ed al Registro dei Revisori Legali dalla sua costituzione.<\/p>\n<p style=\"text-align: justify;\">Dopo aver ricoperto per oltre sette anni la carica di responsabile amministrativo a Bologna di una primaria societ\u00e0 di distribuzione operante su tutto il territorio nazionale, esercita la libera professione da quasi 30 anni. Ha anche ricoperto, per oltre 22 anni, la carica di Giudice Tributario c\/o la Commissione Regionale dell&#8217;Emilia Romagna.<\/p>\n<p style=\"text-align: justify;\">Riviste la carica di Sindaco e Revisore Legale in societ\u00e0 di capitale.<\/p>\n<p style=\"text-align: justify;\">E-mail: <a href=\"mailto:gconsolini@studiolegalecommerciale.bo.it\">gconsolini@studiolegalecommerciale.bo.it<\/a><\/p>\n<p style=\"text-align: justify;\"><span style=\"color: #ffffff;\">.<\/span><\/p>\n","protected":false},"excerpt":{"rendered":"<p>Annalisa di Benedetto Avvocato Laurea con lode in Giurisprudenza presso l\u2019Universit\u00e0 degli Studi di Bologna. E&#8217; iscritta all&#8217;Albo degli Avvocati di Bologna dal 2004. Dopo un percorso accademico di collaborazione e di attivit\u00e0 di ricerca giuridica presso la Cattedra di Diritto Civile, Facolt\u00e0 di Giurisprudenza all\u2019Universit\u00e0 di Bologna, inizia l&#8217;attivit\u00e0 professionale collaborando con importanti e prestigiosi Studi Legali della citt\u00e0 di Bologna. Segue seminari e corsi di approfondimento in diritto civile e commerciale specializzandosi in tali materie. Riveste la carica di membro del Consiglio di Amministrazione in Societ\u00e0 di capitali ed enti privati. Parla le lingue francese e inglese E-mail: adibenedetto@studiolegalecommerciale.bo.it . Antonio Mezzetti Dottore Commercialista e Revisore Legale Laurea con lode in Economia e Commercio presso l&#8217;Universit\u00e0 degli Studi di Bologna. E\u2019 iscritto all\u2019Albo dei Dottori Commercialisti e degli Esperti Contabili ed esercita la\u00a0 professione nel settore giuridico contrattuale, societario e contabile-fiscale. Esperto in trust, patti di famiglia e fondi patrimoniali. Riveste la carica di Sindaco e Revisore Legale in societ\u00e0 di capitali. E-mail: amezzetti@studiolegalecommerciale.bo.it . Marco Consolini Dottore Commercialista e Revisore Contabile Laurea in Economia e Commercio presso l&#8217;Universit\u00e0 degli Studi di Bologna. Iscritto all\u2019Ordine dei Dottori Commercialisti e degli Esperti Contabili di Bologna ed al Registro dei [&hellip;]<\/p>\n","protected":false},"author":1,"featured_media":0,"parent":0,"menu_order":0,"comment_status":"open","ping_status":"open","template":"","meta":[],"_links":{"self":[{"href":"https:\/\/www.studiolegalecommerciale.bo.it\/index.php?rest_route=\/wp\/v2\/pages\/56"}],"collection":[{"href":"https:\/\/www.studiolegalecommerciale.bo.it\/index.php?rest_route=\/wp\/v2\/pages"}],"about":[{"href":"https:\/\/www.studiolegalecommerciale.bo.it\/index.php?rest_route=\/wp\/v2\/types\/page"}],"author":[{"embeddable":true,"href":"https:\/\/www.studiolegalecommerciale.bo.it\/index.php?rest_route=\/wp\/v2\/users\/1"}],"replies":[{"embeddable":true,"href":"https:\/\/www.studiolegalecommerciale.bo.it\/index.php?rest_route=%2Fwp%2Fv2%2Fcomments&post=56"}],"version-history":[{"count":17,"href":"https:\/\/www.studiolegalecommerciale.bo.it\/index.php?rest_route=\/wp\/v2\/pages\/56\/revisions"}],"predecessor-version":[{"id":101,"href":"https:\/\/www.studiolegalecommerciale.bo.it\/index.php?rest_route=\/wp\/v2\/pages\/56\/revisions\/101"}],"wp:attachment":[{"href":"https:\/\/www.studiolegalecommerciale.bo.it\/index.php?rest_route=%2Fwp%2Fv2%2Fmedia&parent=56"}],"curies":[{"name":"wp","href":"https:\/\/api.w.org\/{rel}","templated":true}]}}