{"id":70,"date":"2012-01-25T16:54:37","date_gmt":"2012-01-25T16:54:37","guid":{"rendered":"http:\/\/www.studiolegalecommerciale.bo.it\/?page_id=70"},"modified":"2023-10-12T18:27:12","modified_gmt":"2023-10-12T16:27:12","slug":"chi-siamo-servizi","status":"publish","type":"page","link":"https:\/\/www.studiolegalecommerciale.bo.it\/?page_id=70","title":{"rendered":"Lo studio"},"content":{"rendered":"<p style=\"text-align: left;\">Lo Studio si avvale di una <strong>struttura di professionisti<\/strong> composta di <strong>avvocati, commercialisti e amministrativi<\/strong> specializzati nella consulenza a privati ed imprese.<\/p>\n<p>La consulenza specialistica viene prestata in campo:<br \/>\n-legale<br \/>\n-contrattuale<br \/>\n-societario<br \/>\n-tributario<br \/>\n-finanziario<br \/>\n-amministrativo-contabile<\/p>\n<p style=\"text-align: justify;\">Lo Studio, avendo al suo interno diverse professionalit\u00e0, consente di offrire<strong> servizi di consulenza strutturati in modo coordinato ed integrato<\/strong>.<\/p>\n<p style=\"text-align: justify;\">Lo Studio \u00e8 nato dalla convinzione che le migliori sinergie scaturiscano nel lavorare in team nella medesima struttura al fine di poter rispondere in modo dinamico e tempestivo alle problematiche private e aziendali nei settori in cui la Studio opera.<\/p>\n<p style=\"text-align: justify;\">L\u2019approccio professionale \u00e8 caratterizzato da ampia versatilit\u00e0. Con disamina delle questioni in modo trasversale.<\/p>\n<p style=\"text-align: justify;\">La clientela avr\u00e0 inoltre la possibilit\u00e0 di usufruire, senza aggravio di costi, di servizi di aggiornamento che si terranno periodicamente all&#8217;interno dello studio in materia legale e fiscale su temi di interesse generale.<\/p>\n<p style=\"text-align: justify;\">\n","protected":false},"excerpt":{"rendered":"<p>Lo Studio si avvale di una struttura di professionisti composta di avvocati, commercialisti e amministrativi specializzati nella consulenza a privati ed imprese. La consulenza specialistica viene prestata in campo: -legale -contrattuale -societario -tributario -finanziario -amministrativo-contabile Lo Studio, avendo al suo interno diverse professionalit\u00e0, consente di offrire servizi di consulenza strutturati in modo coordinato ed integrato. Lo Studio \u00e8 nato dalla convinzione che le migliori sinergie scaturiscano nel lavorare in team nella medesima struttura al fine di poter rispondere in modo dinamico e tempestivo alle problematiche private e aziendali nei settori in cui la Studio opera. L\u2019approccio professionale \u00e8 caratterizzato da ampia versatilit\u00e0. Con disamina delle questioni in modo trasversale. La clientela avr\u00e0 inoltre la possibilit\u00e0 di usufruire, senza aggravio di costi, di servizi di aggiornamento che si terranno periodicamente all&#8217;interno dello studio in materia legale e fiscale su temi di interesse generale.<\/p>\n","protected":false},"author":1,"featured_media":0,"parent":0,"menu_order":0,"comment_status":"open","ping_status":"open","template":"","meta":[],"_links":{"self":[{"href":"https:\/\/www.studiolegalecommerciale.bo.it\/index.php?rest_route=\/wp\/v2\/pages\/70"}],"collection":[{"href":"https:\/\/www.studiolegalecommerciale.bo.it\/index.php?rest_route=\/wp\/v2\/pages"}],"about":[{"href":"https:\/\/www.studiolegalecommerciale.bo.it\/index.php?rest_route=\/wp\/v2\/types\/page"}],"author":[{"embeddable":true,"href":"https:\/\/www.studiolegalecommerciale.bo.it\/index.php?rest_route=\/wp\/v2\/users\/1"}],"replies":[{"embeddable":true,"href":"https:\/\/www.studiolegalecommerciale.bo.it\/index.php?rest_route=%2Fwp%2Fv2%2Fcomments&post=70"}],"version-history":[{"count":7,"href":"https:\/\/www.studiolegalecommerciale.bo.it\/index.php?rest_route=\/wp\/v2\/pages\/70\/revisions"}],"predecessor-version":[{"id":74,"href":"https:\/\/www.studiolegalecommerciale.bo.it\/index.php?rest_route=\/wp\/v2\/pages\/70\/revisions\/74"}],"wp:attachment":[{"href":"https:\/\/www.studiolegalecommerciale.bo.it\/index.php?rest_route=%2Fwp%2Fv2%2Fmedia&parent=70"}],"curies":[{"name":"wp","href":"https:\/\/api.w.org\/{rel}","templated":true}]}}